{"id":14095,"date":"2022-05-04T21:05:40","date_gmt":"2022-05-04T19:05:40","guid":{"rendered":"https:\/\/justinboxler.fr\/legal-notice\/"},"modified":"2025-10-10T22:02:14","modified_gmt":"2025-10-10T20:02:14","slug":"legal-notice","status":"publish","type":"page","link":"https:\/\/justinboxler.fr\/en\/legal-notice\/","title":{"rendered":"Legal Notice"},"content":{"rendered":"\t\t<div data-elementor-type=\"wp-page\" data-elementor-id=\"14095\" class=\"elementor elementor-14095 elementor-2072\" data-elementor-post-type=\"page\">\n\t\t\t\t\t\t\t\t<div class=\"premium-shape-divider__shape-container\" id=\"premium-shape-divider-0cdd9dd\" style=\"visibility:hidden; position: absolute; opacity:0;\">\n\t\t\t\t\t<svg xmlns='http:\/\/www.w3.org\/2000\/svg' aria-hidden='true' preserveAspectRatio='none' fill='currentColor' fill-rule='evenodd' viewBox='0 0 1000 320'><path d='M1000 0s-1.148 150.944-120 220C729.547 307.416 0 300 0 300v20h1000V0z'\/><\/svg>\t\t\t\t<\/div>\n\t\t\t\t\t<section class=\"elementor-section elementor-top-section elementor-element elementor-element-0cdd9dd elementor-section-full_width elementor-section-height-min-height elementor-section-content-middle premium-shape-divider-yes premium-shape3 premium-sh-divider-hflip-yes elementor-section-height-default elementor-section-items-middle premium-shape-divider__default\" data-id=\"0cdd9dd\" data-element_type=\"section\" data-e-type=\"section\" data-settings=\"{&quot;background_background&quot;:&quot;classic&quot;}\">\n\t\t\t\t\t\t\t<div class=\"elementor-background-overlay\"><\/div>\n\t\t\t\t\t\t\t<div class=\"elementor-container elementor-column-gap-default\">\n\t\t\t\t\t<div class=\"elementor-column elementor-col-100 elementor-top-column elementor-element elementor-element-d8da7fa\" data-id=\"d8da7fa\" data-element_type=\"column\" data-e-type=\"column\">\n\t\t\t<div class=\"elementor-widget-wrap elementor-element-populated\">\n\t\t\t\t\t\t<div class=\"elementor-element elementor-element-dbfcc3f elementor-widget__width-auto elementor-fixed elementor-widget elementor-widget-menu-anchor\" data-id=\"dbfcc3f\" data-element_type=\"widget\" data-e-type=\"widget\" data-settings=\"{&quot;_position&quot;:&quot;fixed&quot;}\" data-widget_type=\"menu-anchor.default\">\n\t\t\t\t\t\t\t<div class=\"elementor-menu-anchor\" id=\"top\"><\/div>\n\t\t\t\t\t\t<\/div>\n\t\t\t\t<div class=\"elementor-element elementor-element-72699c8 elementor-widget__width-auto elementor-widget elementor-widget-heading\" data-id=\"72699c8\" data-element_type=\"widget\" data-e-type=\"widget\" data-widget_type=\"heading.default\">\n\t\t\t\t\t<h1 class=\"elementor-heading-title elementor-size-default\">Legal Notice<\/h1>\t\t\t\t<\/div>\n\t\t\t\t\t<\/div>\n\t\t<\/div>\n\t\t\t\t\t<\/div>\n\t\t<\/section>\n\t\t\t\t<section class=\"elementor-section elementor-top-section elementor-element elementor-element-89c9bc3 elementor-section-boxed elementor-section-height-default elementor-section-height-default\" data-id=\"89c9bc3\" data-element_type=\"section\" data-e-type=\"section\" data-settings=\"{&quot;background_background&quot;:&quot;classic&quot;}\">\n\t\t\t\t\t\t\t<div class=\"elementor-background-overlay\"><\/div>\n\t\t\t\t\t\t\t<div class=\"elementor-container elementor-column-gap-default\">\n\t\t\t\t\t<div class=\"elementor-column elementor-col-100 elementor-top-column elementor-element elementor-element-cbcb690\" data-id=\"cbcb690\" data-element_type=\"column\" data-e-type=\"column\">\n\t\t\t<div class=\"elementor-widget-wrap elementor-element-populated\">\n\t\t\t\t\t\t<div class=\"elementor-element elementor-element-2bfde8f elementor-widget__width-auto elementor-fixed elementor-widget elementor-widget-menu-anchor\" data-id=\"2bfde8f\" data-element_type=\"widget\" data-e-type=\"widget\" data-settings=\"{&quot;_position&quot;:&quot;fixed&quot;}\" data-widget_type=\"menu-anchor.default\">\n\t\t\t\t\t\t\t<div class=\"elementor-menu-anchor\" id=\"top\"><\/div>\n\t\t\t\t\t\t<\/div>\n\t\t\t\t<div class=\"elementor-element elementor-element-df03d9d e-transform elementor-invisible elementor-widget elementor-widget-text-path\" data-id=\"df03d9d\" data-element_type=\"widget\" data-e-type=\"widget\" data-settings=\"{&quot;text&quot;:&quot;Justin Boxler - Legal mentions 2022&quot;,&quot;motion_fx_motion_fx_scrolling&quot;:&quot;yes&quot;,&quot;motion_fx_rotateZ_effect&quot;:&quot;yes&quot;,&quot;motion_fx_rotateZ_affectedRange&quot;:{&quot;unit&quot;:&quot;%&quot;,&quot;size&quot;:&quot;&quot;,&quot;sizes&quot;:{&quot;start&quot;:50,&quot;end&quot;:100}},&quot;_animation&quot;:&quot;rotateIn&quot;,&quot;_transform_rotateZ_effect&quot;:{&quot;unit&quot;:&quot;px&quot;,&quot;size&quot;:16,&quot;sizes&quot;:[]},&quot;align&quot;:&quot;center&quot;,&quot;link&quot;:{&quot;url&quot;:&quot;&quot;,&quot;is_external&quot;:&quot;&quot;,&quot;nofollow&quot;:&quot;&quot;,&quot;custom_attributes&quot;:&quot;&quot;},&quot;start_point&quot;:{&quot;unit&quot;:&quot;%&quot;,&quot;size&quot;:0,&quot;sizes&quot;:[]},&quot;motion_fx_rotateZ_speed&quot;:{&quot;unit&quot;:&quot;px&quot;,&quot;size&quot;:1,&quot;sizes&quot;:[]},&quot;motion_fx_devices&quot;:[&quot;desktop&quot;,&quot;laptop&quot;,&quot;tablet_extra&quot;,&quot;tablet&quot;,&quot;mobile&quot;],&quot;_transform_rotateZ_effect_laptop&quot;:{&quot;unit&quot;:&quot;deg&quot;,&quot;size&quot;:&quot;&quot;,&quot;sizes&quot;:[]},&quot;_transform_rotateZ_effect_tablet_extra&quot;:{&quot;unit&quot;:&quot;deg&quot;,&quot;size&quot;:&quot;&quot;,&quot;sizes&quot;:[]},&quot;_transform_rotateZ_effect_tablet&quot;:{&quot;unit&quot;:&quot;deg&quot;,&quot;size&quot;:&quot;&quot;,&quot;sizes&quot;:[]},&quot;_transform_rotateZ_effect_mobile&quot;:{&quot;unit&quot;:&quot;deg&quot;,&quot;size&quot;:&quot;&quot;,&quot;sizes&quot;:[]}}\" data-widget_type=\"text-path.default\">\n\t\t\t\t\t\t\t<div class=\"e-text-path elementor-animation-rotate\" data-text=\"Justin Boxler - Legal mentions 2022\" data-url=\"\/\/justinboxler.fr\/wp-content\/plugins\/elementor\/assets\/svg-paths\/circle.svg\" data-link-url=\"\"><\/div>\n\t\t\t\t\t\t<\/div>\n\t\t\t\t<div class=\"elementor-element elementor-element-34dbc53 elementor-widget elementor-widget-heading\" data-id=\"34dbc53\" data-element_type=\"widget\" data-e-type=\"widget\" data-widget_type=\"heading.default\">\n\t\t\t\t\t<h2 class=\"elementor-heading-title elementor-size-default\">Publisher<\/h2>\t\t\t\t<\/div>\n\t\t\t\t<div class=\"elementor-element elementor-element-65be185 elementor-widget elementor-widget-text-editor\" data-id=\"65be185\" data-element_type=\"widget\" data-e-type=\"widget\" data-widget_type=\"text-editor.default\">\n\t\t\t\t\t\t\t\t\t<p>Legal Noticr<br>Domaine des Vins d&#8217;Alsace Justin BOXLER (EARL)<br>15-16 rue des Trois \u00c9pis<br>68230 NIERDERMORSCHWIHR &#8211; FRANCE<br>T\u00e9l : (+33) 3 89 27 11 07 &#8211; Fax : (+33) 3 89 27 01 44<br>email : justin[dat]vinsboxler.fr<br>Siren n\u00b0: 340 998 426 R.C.S. COLMAR (TI)<br>Code NAF : 0121Z<br>Directrice de la publication : Charlotte BOXLER<br>H\u00e9bergement : OVH \u2013 2 rue Kellermann \u2013 59100 Roubaix \u2013 France<br>Realization : <a href=\"https:\/\/www.microreso.fr\">MICRORESO<\/a><\/p>\t\t\t\t\t\t\t\t<\/div>\n\t\t\t\t<div class=\"elementor-element elementor-element-c6eda94 elementor-widget elementor-widget-heading\" data-id=\"c6eda94\" data-element_type=\"widget\" data-e-type=\"widget\" data-widget_type=\"heading.default\">\n\t\t\t\t\t<h2 class=\"elementor-heading-title elementor-size-default\">Responsibility<\/h2>\t\t\t\t<\/div>\n\t\t\t\t<div class=\"elementor-element elementor-element-c3b7a91 elementor-widget elementor-widget-heading\" data-id=\"c3b7a91\" data-element_type=\"widget\" data-e-type=\"widget\" data-widget_type=\"heading.default\">\n\t\t\t\t\t<h2 class=\"elementor-heading-title elementor-size-default\">The owner<\/h2>\t\t\t\t<\/div>\n\t\t\t\t<div class=\"elementor-element elementor-element-e168d3d elementor-widget elementor-widget-text-editor\" data-id=\"e168d3d\" data-element_type=\"widget\" data-e-type=\"widget\" data-widget_type=\"text-editor.default\">\n\t\t\t\t\t\t\t\t\t<p>He assumes sole responsibility for the information and services provided. The prices indicated are given as an indication.<\/p><p>However, the &#8220;Domaine Justin BOXLER&#8221; strives to ensure, to the best of its ability, the accuracy and updating of the information published on this site, which it reserves the right to correct, at any time and without notice. , the contents.<\/p><p>Also, it warns the visitor that it is up to him to verify the information by other means, including by contacting the company.<\/p>\t\t\t\t\t\t\t\t<\/div>\n\t\t\t\t<div class=\"elementor-element elementor-element-9295e64 elementor-widget elementor-widget-heading\" data-id=\"9295e64\" data-element_type=\"widget\" data-e-type=\"widget\" data-widget_type=\"heading.default\">\n\t\t\t\t\t<h2 class=\"elementor-heading-title elementor-size-default\">Consequently<\/h2>\t\t\t\t<\/div>\n\t\t\t\t<div class=\"elementor-element elementor-element-0b2b882 elementor-widget elementor-widget-text-editor\" data-id=\"0b2b882\" data-element_type=\"widget\" data-e-type=\"widget\" data-widget_type=\"text-editor.default\">\n\t\t\t\t\t\t\t\t\t<p>the &#8220;Domain Justin BOXLER&#8221; declines all responsibility:<\/p><p>for any imprecision, inaccuracy or omission relating to information available on the site;<\/p><p>for any damage resulting from fraudulent intrusion by a third party leading to a modification of the information made available on the site;<\/p><p>and more generally for any direct or indirect damage, regardless of cause, origin, nature or consequences, resulting from a person&#8217;s access to the Site or the inability to access it, as well as from the use of the Site and\/or the belief in information coming directly or indirectly from this Site.<\/p><p>Furthermore, unless otherwise stated, the intellectual property rights on the documents contained in the site and each of the elements created for this site are the exclusive property of the &#8220;Domaine Justin BOXLER&#8221; or its suppliers, who do not grant any license, nor any right other than that of consulting the site.<\/p>\t\t\t\t\t\t\t\t<\/div>\n\t\t\t\t<div class=\"elementor-element elementor-element-a4d0d86 elementor-widget elementor-widget-heading\" data-id=\"a4d0d86\" data-element_type=\"widget\" data-e-type=\"widget\" data-widget_type=\"heading.default\">\n\t\t\t\t\t<h2 class=\"elementor-heading-title elementor-size-default\">The reproduction<\/h2>\t\t\t\t<\/div>\n\t\t\t\t<div class=\"elementor-element elementor-element-8b537e0 elementor-widget elementor-widget-text-editor\" data-id=\"8b537e0\" data-element_type=\"widget\" data-e-type=\"widget\" data-widget_type=\"text-editor.default\">\n\t\t\t\t\t\t\t\t\t<p>All documents published on the site are only authorized for the exclusive purposes of information for personal and private use, any reproduction and any use of copies made for other purposes being expressly prohibited.<\/p><p>All trademarks mentioned on this site belong to their respective companies.<br>All products, logos, and images mentioned in the pages of this site are the property of their respective brands.<\/p>\t\t\t\t\t\t\t\t<\/div>\n\t\t\t\t<div class=\"elementor-element elementor-element-bd0d7e5 elementor-widget elementor-widget-heading\" data-id=\"bd0d7e5\" data-element_type=\"widget\" data-e-type=\"widget\" data-widget_type=\"heading.default\">\n\t\t\t\t\t<h2 class=\"elementor-heading-title elementor-size-default\">Processing of personal data<\/h2>\t\t\t\t<\/div>\n\t\t\t\t<div class=\"elementor-element elementor-element-3669ae9 elementor-widget elementor-widget-text-editor\" data-id=\"3669ae9\" data-element_type=\"widget\" data-e-type=\"widget\" data-widget_type=\"text-editor.default\">\n\t\t\t\t\t\t\t\t\t<p>The information that the &#8220;Domain Justin BOXLER&#8221; is required to collect comes from the voluntary registration of an email address provided by the Internet user, allowing him to receive documentation, to inquire about any point. (<a href=\"https:\/\/www.cnil.fr\/fr\/rgpd-de-quoi-parle-t-on\" target=\"_blank\" rel=\"noopener\">GDPR<\/a> legal notice)<\/p><p>This information is never communicated to third parties.<\/p>\t\t\t\t\t\t\t\t<\/div>\n\t\t\t\t<div class=\"elementor-element elementor-element-a8ed214 elementor-widget elementor-widget-heading\" data-id=\"a8ed214\" data-element_type=\"widget\" data-e-type=\"widget\" data-widget_type=\"heading.default\">\n\t\t\t\t\t<h2 class=\"elementor-heading-title elementor-size-default\">Copyright<\/h2>\t\t\t\t<\/div>\n\t\t\t\t<div class=\"elementor-element elementor-element-01d5add elementor-widget elementor-widget-text-editor\" data-id=\"01d5add\" data-element_type=\"widget\" data-e-type=\"widget\" data-widget_type=\"text-editor.default\">\n\t\t\t\t\t\t\t\t\t<p>This entire site is subject to French and international legislation on copyright and intellectual property.<\/p><p>Any representation, reproduction, modification, commercial use, as well as any transfer to another site are prohibited, unless authorization is requested by mail to the address indicated above. Only use for strictly personal purposes is authorized.<\/p>\t\t\t\t\t\t\t\t<\/div>\n\t\t\t\t<div class=\"elementor-element elementor-element-7f6ef06 elementor-widget elementor-widget-heading\" data-id=\"7f6ef06\" data-element_type=\"widget\" data-e-type=\"widget\" data-widget_type=\"heading.default\">\n\t\t\t\t\t<h2 class=\"elementor-heading-title elementor-size-default\">Hyperlinks (Responsibilities)<\/h2>\t\t\t\t<\/div>\n\t\t\t\t<div class=\"elementor-element elementor-element-8d9a6fb elementor-widget elementor-widget-text-editor\" data-id=\"8d9a6fb\" data-element_type=\"widget\" data-e-type=\"widget\" data-widget_type=\"text-editor.default\">\n\t\t\t\t\t\t\t\t\t<p>The hypertext links present on the site directing users to other Internet sites do not engage the responsibility of the &#8220;Domaine Justin BOXLER&#8221; as to the content of these sites.<\/p><p>Any individual or legal entity wishing to establish a link to &#8220;www.justinboxler.fr&#8221; from our website <strong>must first request authorization<\/strong>.<br>Linking to our website does not require authorization.<\/p><p>The &#8220;Domaine Justin BOXLER&#8221; disclaims all liability in this case.<\/p>\t\t\t\t\t\t\t\t<\/div>\n\t\t\t\t<div class=\"elementor-element elementor-element-6a5b72e elementor-widget elementor-widget-text-editor\" data-id=\"6a5b72e\" data-element_type=\"widget\" data-e-type=\"widget\" data-widget_type=\"text-editor.default\">\n\t\t\t\t\t\t\t\t\t<p>End of legal notice 30-07-2022.<\/p>\t\t\t\t\t\t\t\t<\/div>\n\t\t\t\t<div class=\"elementor-element elementor-element-c5bfd7e elementor-fixed elementor-hidden-tablet elementor-hidden-mobile elementor-widget elementor-widget-progress-tracker\" data-id=\"c5bfd7e\" data-element_type=\"widget\" data-e-type=\"widget\" data-settings=\"{&quot;direction&quot;:&quot;ltr&quot;,&quot;percentage&quot;:&quot;yes&quot;,&quot;percentage_color&quot;:&quot;#FFFFFF&quot;,&quot;_position&quot;:&quot;fixed&quot;,&quot;type&quot;:&quot;horizontal&quot;,&quot;relative_to&quot;:&quot;entire_page&quot;}\" data-widget_type=\"progress-tracker.default\">\n\t\t\t\t\t\n\t\t<div class=\"elementor-scrolling-tracker elementor-scrolling-tracker-horizontal elementor-scrolling-tracker-alignment-\">\n\t\t\t\t\t\t<div class=\"current-progress\">\n\t\t\t\t\t<div class=\"current-progress-percentage\"><\/div>\n\t\t\t\t<\/div>\n\t\t\t\t<\/div>\n\t\t\t\t\t\t<\/div>\n\t\t\t\t\t<\/div>\n\t\t<\/div>\n\t\t\t\t\t<\/div>\n\t\t<\/section>\n\t\t\t\t<\/div>\n\t\t","protected":false},"excerpt":{"rendered":"<p>Legal Notice Publisher Legal NoticrDomaine des Vins d&#8217;Alsace Justin BOXLER (EARL)15-16 rue des Trois \u00c9pis68230 NIERDERMORSCHWIHR &#8211; FRANCET\u00e9l : (+33) 3 89 27 11 07 &#8211; Fax : (+33) 3 89 27 01 44email : justin[dat]vinsboxler.frSiren n\u00b0: 340 998 426 R.C.S. COLMAR (TI)Code NAF : 0121ZDirectrice de la publication : Charlotte BOXLERH\u00e9bergement : OVH \u2013 [&hellip;]<\/p>\n","protected":false},"author":1,"featured_media":0,"parent":0,"menu_order":0,"comment_status":"closed","ping_status":"closed","template":"elementor_header_footer","meta":{"footnotes":""},"class_list":["post-14095","page","type-page","status-publish","hentry"],"yoast_head":"<!-- This site is optimized with the Yoast SEO plugin v27.3 - https:\/\/yoast.com\/product\/yoast-seo-wordpress\/ -->\n<title>Legal notices of the justinboxler.fr website, rules and use<\/title>\n<meta name=\"description\" content=\"Mentions l\u00e9gales, r\u00e8gles de l&#039;utilisation des cookies et des usages du site internet justinboxler.fr \u00e0 Niedermorschwihr.\" \/>\n<meta name=\"robots\" content=\"index, follow, max-snippet:-1, max-image-preview:large, max-video-preview:-1\" \/>\n<link rel=\"canonical\" href=\"https:\/\/justinboxler.fr\/en\/legal-notice\/\" \/>\n<meta property=\"og:locale\" content=\"en_US\" \/>\n<meta property=\"og:type\" content=\"article\" \/>\n<meta property=\"og:title\" content=\"Legal notices of the justinboxler.fr website, rules and use\" \/>\n<meta property=\"og:description\" content=\"Mentions l\u00e9gales, r\u00e8gles de l&#039;utilisation des cookies et des usages du site internet justinboxler.fr \u00e0 Niedermorschwihr.\" \/>\n<meta property=\"og:url\" content=\"https:\/\/justinboxler.fr\/en\/legal-notice\/\" \/>\n<meta property=\"og:site_name\" content=\"Domain Justin BOXLER\" \/>\n<meta property=\"article:publisher\" content=\"https:\/\/www.facebook.com\/vins.justin.boxler\/\" \/>\n<meta property=\"article:modified_time\" content=\"2025-10-10T20:02:14+00:00\" \/>\n<meta property=\"og:image\" content=\"https:\/\/justinboxler.fr\/wp-content\/uploads\/2022\/05\/Charlotte-et-Florent.jpg\" \/>\n\t<meta property=\"og:image:width\" content=\"828\" \/>\n\t<meta property=\"og:image:height\" content=\"816\" \/>\n\t<meta property=\"og:image:type\" content=\"image\/jpeg\" \/>\n<script type=\"application\/ld+json\" class=\"yoast-schema-graph\">{\"@context\":\"https:\\\/\\\/schema.org\",\"@graph\":[{\"@type\":\"Article\",\"@id\":\"https:\\\/\\\/justinboxler.fr\\\/en\\\/legal-notice\\\/#article\",\"isPartOf\":{\"@id\":\"https:\\\/\\\/justinboxler.fr\\\/en\\\/legal-notice\\\/\"},\"author\":{\"name\":\"Admin\",\"@id\":\"https:\\\/\\\/justinboxler.fr\\\/en\\\/#\\\/schema\\\/person\\\/75cb2db41e8faa6f0250fc4114fe715e\"},\"headline\":\"Legal Notice\",\"datePublished\":\"2022-05-04T19:05:40+00:00\",\"dateModified\":\"2025-10-10T20:02:14+00:00\",\"mainEntityOfPage\":{\"@id\":\"https:\\\/\\\/justinboxler.fr\\\/en\\\/legal-notice\\\/\"},\"wordCount\":528,\"publisher\":{\"@id\":\"https:\\\/\\\/justinboxler.fr\\\/en\\\/#organization\"},\"inLanguage\":\"en-US\"},{\"@type\":\"WebPage\",\"@id\":\"https:\\\/\\\/justinboxler.fr\\\/en\\\/legal-notice\\\/\",\"url\":\"https:\\\/\\\/justinboxler.fr\\\/en\\\/legal-notice\\\/\",\"name\":\"Legal notices of the justinboxler.fr website, rules and use\",\"isPartOf\":{\"@id\":\"https:\\\/\\\/justinboxler.fr\\\/en\\\/#website\"},\"datePublished\":\"2022-05-04T19:05:40+00:00\",\"dateModified\":\"2025-10-10T20:02:14+00:00\",\"description\":\"Mentions l\u00e9gales, r\u00e8gles de l'utilisation des cookies et des usages du site internet justinboxler.fr \u00e0 Niedermorschwihr.\",\"breadcrumb\":{\"@id\":\"https:\\\/\\\/justinboxler.fr\\\/en\\\/legal-notice\\\/#breadcrumb\"},\"inLanguage\":\"en-US\",\"potentialAction\":[{\"@type\":\"ReadAction\",\"target\":[\"https:\\\/\\\/justinboxler.fr\\\/en\\\/legal-notice\\\/\"]}]},{\"@type\":\"BreadcrumbList\",\"@id\":\"https:\\\/\\\/justinboxler.fr\\\/en\\\/legal-notice\\\/#breadcrumb\",\"itemListElement\":[{\"@type\":\"ListItem\",\"position\":1,\"name\":\"Home\",\"item\":\"https:\\\/\\\/justinboxler.fr\\\/en\\\/\"},{\"@type\":\"ListItem\",\"position\":2,\"name\":\"Legal Notice\"}]},{\"@type\":\"WebSite\",\"@id\":\"https:\\\/\\\/justinboxler.fr\\\/en\\\/#website\",\"url\":\"https:\\\/\\\/justinboxler.fr\\\/en\\\/\",\"name\":\"domaine Justin BOXLER\",\"description\":\"Wines of Alsace\",\"publisher\":{\"@id\":\"https:\\\/\\\/justinboxler.fr\\\/en\\\/#organization\"},\"alternateName\":\"Vins d'Alsace Boxler\",\"potentialAction\":[{\"@type\":\"SearchAction\",\"target\":{\"@type\":\"EntryPoint\",\"urlTemplate\":\"https:\\\/\\\/justinboxler.fr\\\/en\\\/?s={search_term_string}\"},\"query-input\":{\"@type\":\"PropertyValueSpecification\",\"valueRequired\":true,\"valueName\":\"search_term_string\"}}],\"inLanguage\":\"en-US\"},{\"@type\":\"Organization\",\"@id\":\"https:\\\/\\\/justinboxler.fr\\\/en\\\/#organization\",\"name\":\"Vins d'Alsace Justin BOXLER\",\"alternateName\":\"domaine Justin Boxler\",\"url\":\"https:\\\/\\\/justinboxler.fr\\\/en\\\/\",\"logo\":{\"@type\":\"ImageObject\",\"inLanguage\":\"en-US\",\"@id\":\"https:\\\/\\\/justinboxler.fr\\\/en\\\/#\\\/schema\\\/logo\\\/image\\\/\",\"url\":\"https:\\\/\\\/justinboxler.fr\\\/wp-content\\\/uploads\\\/2022\\\/04\\\/cropped-vins-justin-boxler-70x84-1.png\",\"contentUrl\":\"https:\\\/\\\/justinboxler.fr\\\/wp-content\\\/uploads\\\/2022\\\/04\\\/cropped-vins-justin-boxler-70x84-1.png\",\"width\":70,\"height\":84,\"caption\":\"Vins d'Alsace Justin BOXLER\"},\"image\":{\"@id\":\"https:\\\/\\\/justinboxler.fr\\\/en\\\/#\\\/schema\\\/logo\\\/image\\\/\"},\"sameAs\":[\"https:\\\/\\\/www.facebook.com\\\/vins.justin.boxler\\\/\",\"https:\\\/\\\/www.instagram.com\\\/domainejustinboxler\\\/\",\"https:\\\/\\\/www.tiktok.com\\\/domainejustinboxler?lang=fr\"]},{\"@type\":\"Person\",\"@id\":\"https:\\\/\\\/justinboxler.fr\\\/en\\\/#\\\/schema\\\/person\\\/75cb2db41e8faa6f0250fc4114fe715e\",\"name\":\"Admin\",\"image\":{\"@type\":\"ImageObject\",\"inLanguage\":\"en-US\",\"@id\":\"https:\\\/\\\/secure.gravatar.com\\\/avatar\\\/4e7497c72d535d3af09f083454484ca8fa7ece350cdc98a26f44e191a3085ec2?s=96&d=mm&r=g\",\"url\":\"https:\\\/\\\/secure.gravatar.com\\\/avatar\\\/4e7497c72d535d3af09f083454484ca8fa7ece350cdc98a26f44e191a3085ec2?s=96&d=mm&r=g\",\"contentUrl\":\"https:\\\/\\\/secure.gravatar.com\\\/avatar\\\/4e7497c72d535d3af09f083454484ca8fa7ece350cdc98a26f44e191a3085ec2?s=96&d=mm&r=g\",\"caption\":\"Admin\"},\"sameAs\":[\"https:\\\/\\\/justinboxler.fr\"]}]}<\/script>\n<!-- \/ Yoast SEO plugin. -->","yoast_head_json":{"title":"Legal notices of the justinboxler.fr website, rules and use","description":"Mentions l\u00e9gales, r\u00e8gles de l'utilisation des cookies et des usages du site internet justinboxler.fr \u00e0 Niedermorschwihr.","robots":{"index":"index","follow":"follow","max-snippet":"max-snippet:-1","max-image-preview":"max-image-preview:large","max-video-preview":"max-video-preview:-1"},"canonical":"https:\/\/justinboxler.fr\/en\/legal-notice\/","og_locale":"en_US","og_type":"article","og_title":"Legal notices of the justinboxler.fr website, rules and use","og_description":"Mentions l\u00e9gales, r\u00e8gles de l'utilisation des cookies et des usages du site internet justinboxler.fr \u00e0 Niedermorschwihr.","og_url":"https:\/\/justinboxler.fr\/en\/legal-notice\/","og_site_name":"Domain Justin BOXLER","article_publisher":"https:\/\/www.facebook.com\/vins.justin.boxler\/","article_modified_time":"2025-10-10T20:02:14+00:00","og_image":[{"width":828,"height":816,"url":"https:\/\/justinboxler.fr\/wp-content\/uploads\/2022\/05\/Charlotte-et-Florent.jpg","type":"image\/jpeg"}],"schema":{"@context":"https:\/\/schema.org","@graph":[{"@type":"Article","@id":"https:\/\/justinboxler.fr\/en\/legal-notice\/#article","isPartOf":{"@id":"https:\/\/justinboxler.fr\/en\/legal-notice\/"},"author":{"name":"Admin","@id":"https:\/\/justinboxler.fr\/en\/#\/schema\/person\/75cb2db41e8faa6f0250fc4114fe715e"},"headline":"Legal Notice","datePublished":"2022-05-04T19:05:40+00:00","dateModified":"2025-10-10T20:02:14+00:00","mainEntityOfPage":{"@id":"https:\/\/justinboxler.fr\/en\/legal-notice\/"},"wordCount":528,"publisher":{"@id":"https:\/\/justinboxler.fr\/en\/#organization"},"inLanguage":"en-US"},{"@type":"WebPage","@id":"https:\/\/justinboxler.fr\/en\/legal-notice\/","url":"https:\/\/justinboxler.fr\/en\/legal-notice\/","name":"Legal notices of the justinboxler.fr website, rules and use","isPartOf":{"@id":"https:\/\/justinboxler.fr\/en\/#website"},"datePublished":"2022-05-04T19:05:40+00:00","dateModified":"2025-10-10T20:02:14+00:00","description":"Mentions l\u00e9gales, r\u00e8gles de l'utilisation des cookies et des usages du site internet justinboxler.fr \u00e0 Niedermorschwihr.","breadcrumb":{"@id":"https:\/\/justinboxler.fr\/en\/legal-notice\/#breadcrumb"},"inLanguage":"en-US","potentialAction":[{"@type":"ReadAction","target":["https:\/\/justinboxler.fr\/en\/legal-notice\/"]}]},{"@type":"BreadcrumbList","@id":"https:\/\/justinboxler.fr\/en\/legal-notice\/#breadcrumb","itemListElement":[{"@type":"ListItem","position":1,"name":"Home","item":"https:\/\/justinboxler.fr\/en\/"},{"@type":"ListItem","position":2,"name":"Legal Notice"}]},{"@type":"WebSite","@id":"https:\/\/justinboxler.fr\/en\/#website","url":"https:\/\/justinboxler.fr\/en\/","name":"domaine Justin BOXLER","description":"Wines of Alsace","publisher":{"@id":"https:\/\/justinboxler.fr\/en\/#organization"},"alternateName":"Vins d'Alsace Boxler","potentialAction":[{"@type":"SearchAction","target":{"@type":"EntryPoint","urlTemplate":"https:\/\/justinboxler.fr\/en\/?s={search_term_string}"},"query-input":{"@type":"PropertyValueSpecification","valueRequired":true,"valueName":"search_term_string"}}],"inLanguage":"en-US"},{"@type":"Organization","@id":"https:\/\/justinboxler.fr\/en\/#organization","name":"Vins d'Alsace Justin BOXLER","alternateName":"domaine Justin Boxler","url":"https:\/\/justinboxler.fr\/en\/","logo":{"@type":"ImageObject","inLanguage":"en-US","@id":"https:\/\/justinboxler.fr\/en\/#\/schema\/logo\/image\/","url":"https:\/\/justinboxler.fr\/wp-content\/uploads\/2022\/04\/cropped-vins-justin-boxler-70x84-1.png","contentUrl":"https:\/\/justinboxler.fr\/wp-content\/uploads\/2022\/04\/cropped-vins-justin-boxler-70x84-1.png","width":70,"height":84,"caption":"Vins d'Alsace Justin BOXLER"},"image":{"@id":"https:\/\/justinboxler.fr\/en\/#\/schema\/logo\/image\/"},"sameAs":["https:\/\/www.facebook.com\/vins.justin.boxler\/","https:\/\/www.instagram.com\/domainejustinboxler\/","https:\/\/www.tiktok.com\/domainejustinboxler?lang=fr"]},{"@type":"Person","@id":"https:\/\/justinboxler.fr\/en\/#\/schema\/person\/75cb2db41e8faa6f0250fc4114fe715e","name":"Admin","image":{"@type":"ImageObject","inLanguage":"en-US","@id":"https:\/\/secure.gravatar.com\/avatar\/4e7497c72d535d3af09f083454484ca8fa7ece350cdc98a26f44e191a3085ec2?s=96&d=mm&r=g","url":"https:\/\/secure.gravatar.com\/avatar\/4e7497c72d535d3af09f083454484ca8fa7ece350cdc98a26f44e191a3085ec2?s=96&d=mm&r=g","contentUrl":"https:\/\/secure.gravatar.com\/avatar\/4e7497c72d535d3af09f083454484ca8fa7ece350cdc98a26f44e191a3085ec2?s=96&d=mm&r=g","caption":"Admin"},"sameAs":["https:\/\/justinboxler.fr"]}]}},"_links":{"self":[{"href":"https:\/\/justinboxler.fr\/en\/wp-json\/wp\/v2\/pages\/14095","targetHints":{"allow":["GET"]}}],"collection":[{"href":"https:\/\/justinboxler.fr\/en\/wp-json\/wp\/v2\/pages"}],"about":[{"href":"https:\/\/justinboxler.fr\/en\/wp-json\/wp\/v2\/types\/page"}],"author":[{"embeddable":true,"href":"https:\/\/justinboxler.fr\/en\/wp-json\/wp\/v2\/users\/1"}],"replies":[{"embeddable":true,"href":"https:\/\/justinboxler.fr\/en\/wp-json\/wp\/v2\/comments?post=14095"}],"version-history":[{"count":2,"href":"https:\/\/justinboxler.fr\/en\/wp-json\/wp\/v2\/pages\/14095\/revisions"}],"predecessor-version":[{"id":38476,"href":"https:\/\/justinboxler.fr\/en\/wp-json\/wp\/v2\/pages\/14095\/revisions\/38476"}],"wp:attachment":[{"href":"https:\/\/justinboxler.fr\/en\/wp-json\/wp\/v2\/media?parent=14095"}],"curies":[{"name":"wp","href":"https:\/\/api.w.org\/{rel}","templated":true}]}}