{"id":14076,"date":"2022-05-07T09:30:04","date_gmt":"2022-05-07T07:30:04","guid":{"rendered":"https:\/\/justinboxler.fr\/unsere-partner\/"},"modified":"2025-10-10T21:32:11","modified_gmt":"2025-10-10T19:32:11","slug":"unsere-partner","status":"publish","type":"page","link":"https:\/\/justinboxler.fr\/de\/unsere-partner\/","title":{"rendered":"Unsere Partner"},"content":{"rendered":"\t\t<div data-elementor-type=\"wp-page\" data-elementor-id=\"14076\" class=\"elementor elementor-14076 elementor-2530\" data-elementor-post-type=\"page\">\n\t\t\t\t\t\t<section class=\"elementor-section elementor-top-section elementor-element elementor-element-da425f9 elementor-section-content-middle elementor-section-boxed elementor-section-height-default elementor-section-height-default\" data-id=\"da425f9\" data-element_type=\"section\" data-e-type=\"section\" data-settings=\"{&quot;background_background&quot;:&quot;classic&quot;}\">\n\t\t\t\t\t\t\t<div class=\"elementor-background-overlay\"><\/div>\n\t\t\t\t\t\t\t<div class=\"elementor-container elementor-column-gap-default\">\n\t\t\t\t\t<div class=\"elementor-column elementor-col-100 elementor-top-column elementor-element elementor-element-6ffd374\" data-id=\"6ffd374\" data-element_type=\"column\" data-e-type=\"column\">\n\t\t\t<div class=\"elementor-widget-wrap elementor-element-populated\">\n\t\t\t\t\t\t<div class=\"elementor-element elementor-element-fe7e7db elementor-widget__width-auto elementor-widget-mobile__width-inherit elementor-widget elementor-widget-heading\" data-id=\"fe7e7db\" data-element_type=\"widget\" data-e-type=\"widget\" data-widget_type=\"heading.default\">\n\t\t\t\t\t<h1 class=\"elementor-heading-title elementor-size-default\">Unsere Partner<\/h1>\t\t\t\t<\/div>\n\t\t\t\t\t<\/div>\n\t\t<\/div>\n\t\t\t\t\t<\/div>\n\t\t<\/section>\n\t\t<div class=\"elementor-element elementor-element-6ff1407 e-flex e-con-boxed e-con e-parent\" data-id=\"6ff1407\" data-element_type=\"container\" data-e-type=\"container\">\n\t\t\t\t\t<div class=\"e-con-inner\">\n\t\t\t\t<div class=\"elementor-element elementor-element-0772e9c elementor-widget elementor-widget-image\" data-id=\"0772e9c\" data-element_type=\"widget\" data-e-type=\"widget\" data-widget_type=\"image.default\">\n\t\t\t\t\t\t\t\t\t\t\t\t\t\t\t<img decoding=\"async\" width=\"264\" height=\"84\" src=\"https:\/\/justinboxler.fr\/wp-content\/uploads\/2022\/05\/logo-vins-Justin-Boxler.png\" class=\"attachment-full size-full wp-image-13274\" alt=\"Justin Boxler Partner Logo\" \/>\t\t\t\t\t\t\t\t\t\t\t\t\t\t\t<\/div>\n\t\t\t\t\t<\/div>\n\t\t\t\t<\/div>\n\t\t\t\t<section class=\"elementor-section elementor-top-section elementor-element elementor-element-a65f87e elementor-section-boxed elementor-section-height-default elementor-section-height-default\" data-id=\"a65f87e\" data-element_type=\"section\" data-e-type=\"section\">\n\t\t\t\t\t\t<div class=\"elementor-container elementor-column-gap-default\">\n\t\t\t\t\t<div class=\"elementor-column elementor-col-50 elementor-top-column elementor-element elementor-element-99ded88\" data-id=\"99ded88\" data-element_type=\"column\" data-e-type=\"column\">\n\t\t\t<div class=\"elementor-widget-wrap elementor-element-populated\">\n\t\t\t\t\t\t<div class=\"elementor-element elementor-element-bb1855a elementor-flip-box--effect-slide elementor-flip-box--direction-left elementor-widget elementor-widget-flip-box\" data-id=\"bb1855a\" data-element_type=\"widget\" data-e-type=\"widget\" data-widget_type=\"flip-box.default\">\n\t\t\t\t\t\t\t<div class=\"elementor-flip-box\" tabindex=\"0\">\n\t\t\t<div class=\"elementor-flip-box__layer elementor-flip-box__front\">\n\t\t\t\t<div class=\"elementor-flip-box__layer__overlay\">\n\t\t\t\t\t<div class=\"elementor-flip-box__layer__inner\">\n\t\t\t\t\t\t\n\t\t\t\t\t\t\t\t\t\t\t\t\t<h3 class=\"elementor-flip-box__layer__title\">\n\t\t\t\t\t\t\t\tH\u00f4tel de l'Ange\t\t\t\t\t\t\t<\/h3>\n\t\t\t\t\t\t\n\t\t\t\t\t\t\t\t\t\t\t\t\t<div class=\"elementor-flip-box__layer__description\">\n\t\t\t\t\t\t\t\tFamilienhotel gegen\u00fcber unserem Keller\t\t\t\t\t\t\t<\/div>\n\t\t\t\t\t\t\t\t\t\t\t<\/div>\n\t\t\t\t<\/div>\n\t\t\t<\/div>\n\t\t\t<div class=\"elementor-flip-box__layer elementor-flip-box__back\">\n\t\t\t<div class=\"elementor-flip-box__layer__overlay\">\n\t\t\t\t<div class=\"elementor-flip-box__layer__inner\">\n\t\t\t\t\t\t\t\t\t\t\t<h3 class=\"elementor-flip-box__layer__title\">\n\t\t\t\t\t\t\tWeintourismus\t\t\t\t\t\t<\/h3>\n\t\t\t\t\t\n\t\t\t\t\t\t\t\t\t\t\t<div class=\"elementor-flip-box__layer__description\">\n\t\t\t\t\t\t\tWenn Sie einen Kurzurlaub im Elsass machen m\u00f6chten, empfehlen wir Ihnen, im Familienhotel zu \u00fcbernachten, einem alten Bauernhaus, das die traditionelle Atmosph\u00e4re der Region bewahrt hat.\t\t\t\t\t\t<\/div>\n\t\t\t\t\t\n\t\t\t\t\t\t\t\t\t\t\t<a class=\"elementor-flip-box__button elementor-button elementor-size-sm\" href=\"https:\/\/www.hotelange.fr\/\" target=\"_blank\">\n\t\t\t\t\t\t\tBesuchen Sie die Website\t\t\t\t\t\t<\/a>\n\t\t\t\t\t\t\t\t<\/div>\n\t\t<\/div>\n\t\t<\/div>\n\t\t<\/div>\n\t\t\t\t\t\t<\/div>\n\t\t\t\t\t<\/div>\n\t\t<\/div>\n\t\t\t\t<div class=\"elementor-column elementor-col-50 elementor-top-column elementor-element elementor-element-c900a89\" data-id=\"c900a89\" data-element_type=\"column\" data-e-type=\"column\">\n\t\t\t<div class=\"elementor-widget-wrap elementor-element-populated\">\n\t\t\t\t\t\t<div class=\"elementor-element elementor-element-e281878 elementor-flip-box--effect-slide elementor-flip-box--direction-right elementor-widget elementor-widget-flip-box\" data-id=\"e281878\" data-element_type=\"widget\" data-e-type=\"widget\" data-widget_type=\"flip-box.default\">\n\t\t\t\t\t\t\t<div class=\"elementor-flip-box\" tabindex=\"0\">\n\t\t\t<div class=\"elementor-flip-box__layer elementor-flip-box__front\">\n\t\t\t\t<div class=\"elementor-flip-box__layer__overlay\">\n\t\t\t\t\t<div class=\"elementor-flip-box__layer__inner\">\n\t\t\t\t\t\t\n\t\t\t\t\t\t\n\t\t\t\t\t\t\t\t\t\t\t<\/div>\n\t\t\t\t<\/div>\n\t\t\t<\/div>\n\t\t\t<div class=\"elementor-flip-box__layer elementor-flip-box__back\">\n\t\t\t<div class=\"elementor-flip-box__layer__overlay\">\n\t\t\t\t<div class=\"elementor-flip-box__layer__inner\">\n\t\t\t\t\t\t\t\t\t\t\t<h3 class=\"elementor-flip-box__layer__title\">\n\t\t\t\t\t\t\tLa Rogerie\t\t\t\t\t\t<\/h3>\n\t\t\t\t\t\n\t\t\t\t\t\t\t\t\t\t\t<div class=\"elementor-flip-box__layer__description\">\n\t\t\t\t\t\t\t Justine und Fran\u00e7ois Petit-Boxler<br>\u201eIm Jahr 2015 kehrten wir in die Champagne zur\u00fcck, in der festen \u00dcberzeugung, dass uns ein au\u00dfergew\u00f6hnliches Terroir und ein au\u00dfergew\u00f6hnliches Pflanzenerbe antreibt. Ausgehend von den Kellern der Gro\u00dfeltern von Fran\u00e7ois wurde 2016 La Rogerie im Elsass geboren.\u201c\t\t\t\t\t\t<\/div>\n\t\t\t\t\t\n\t\t\t\t\t\t\t\t\t\t\t<a class=\"elementor-flip-box__button elementor-button elementor-size-sm\" href=\"https:\/\/www.champagnelarogerie.com\/\" target=\"_blank\">\n\t\t\t\t\t\t\tBesuchen Sie die Website\t\t\t\t\t\t<\/a>\n\t\t\t\t\t\t\t\t<\/div>\n\t\t<\/div>\n\t\t<\/div>\n\t\t<\/div>\n\t\t\t\t\t\t<\/div>\n\t\t\t\t\t<\/div>\n\t\t<\/div>\n\t\t\t\t\t<\/div>\n\t\t<\/section>\n\t\t\t\t<\/div>\n\t\t","protected":false},"excerpt":{"rendered":"<p>Unsere Partner H\u00f4tel de l&#8217;Ange Familienhotel gegen\u00fcber unserem Keller Weintourismus Wenn Sie einen Kurzurlaub im Elsass machen m\u00f6chten, empfehlen wir Ihnen, im Familienhotel zu \u00fcbernachten, einem alten Bauernhaus, das die traditionelle Atmosph\u00e4re der Region bewahrt hat. Besuchen Sie die Website La Rogerie Justine und Fran\u00e7ois Petit-Boxler\u201eIm Jahr 2015 kehrten wir in die Champagne zur\u00fcck, in [&hellip;]<\/p>\n","protected":false},"author":1,"featured_media":0,"parent":0,"menu_order":0,"comment_status":"closed","ping_status":"closed","template":"elementor_header_footer","meta":{"footnotes":""},"class_list":["post-14076","page","type-page","status-publish","hentry"],"yoast_head":"<!-- This site is optimized with the Yoast SEO plugin v27.3 - https:\/\/yoast.com\/product\/yoast-seo-wordpress\/ -->\n<title>Unsere vertrauensw\u00fcrdigen Partner und Mitarbeiter<\/title>\n<meta name=\"description\" content=\"Unsere vertrauensw\u00fcrdigen Partner und Mitarbeiter. Hotel de l&#039;Ange und Champagner-Anwesen La Rogerie, Familie Petit-Boxler Justine und Fran\u00e7ois.\" \/>\n<meta name=\"robots\" content=\"index, follow, max-snippet:-1, max-image-preview:large, max-video-preview:-1\" \/>\n<link rel=\"canonical\" href=\"https:\/\/justinboxler.fr\/de\/unsere-partner\/\" \/>\n<meta property=\"og:locale\" content=\"de_DE\" \/>\n<meta property=\"og:type\" content=\"article\" \/>\n<meta property=\"og:title\" content=\"Unsere vertrauensw\u00fcrdigen Partner und Mitarbeiter\" \/>\n<meta property=\"og:description\" content=\"Unsere vertrauensw\u00fcrdigen Partner und Mitarbeiter. Hotel de l&#039;Ange und Champagner-Anwesen La Rogerie, Familie Petit-Boxler Justine und Fran\u00e7ois.\" \/>\n<meta property=\"og:url\" content=\"https:\/\/justinboxler.fr\/de\/unsere-partner\/\" \/>\n<meta property=\"og:site_name\" content=\"Dom\u00e4ne Justin BOXLER\" \/>\n<meta property=\"article:publisher\" content=\"https:\/\/www.facebook.com\/vins.justin.boxler\/\" \/>\n<meta property=\"article:modified_time\" content=\"2025-10-10T19:32:11+00:00\" \/>\n<meta property=\"og:image\" content=\"https:\/\/justinboxler.fr\/wp-content\/uploads\/2022\/05\/logo-vins-Justin-Boxler.png\" \/>\n\t<meta property=\"og:image:width\" content=\"264\" \/>\n\t<meta property=\"og:image:height\" content=\"84\" \/>\n\t<meta property=\"og:image:type\" content=\"image\/png\" \/>\n<script type=\"application\/ld+json\" class=\"yoast-schema-graph\">{\"@context\":\"https:\\\/\\\/schema.org\",\"@graph\":[{\"@type\":\"Article\",\"@id\":\"https:\\\/\\\/justinboxler.fr\\\/de\\\/unsere-partner\\\/#article\",\"isPartOf\":{\"@id\":\"https:\\\/\\\/justinboxler.fr\\\/de\\\/unsere-partner\\\/\"},\"author\":{\"name\":\"Admin\",\"@id\":\"https:\\\/\\\/justinboxler.fr\\\/de\\\/#\\\/schema\\\/person\\\/75cb2db41e8faa6f0250fc4114fe715e\"},\"headline\":\"Unsere Partner\",\"datePublished\":\"2022-05-07T07:30:04+00:00\",\"dateModified\":\"2025-10-10T19:32:11+00:00\",\"mainEntityOfPage\":{\"@id\":\"https:\\\/\\\/justinboxler.fr\\\/de\\\/unsere-partner\\\/\"},\"wordCount\":101,\"publisher\":{\"@id\":\"https:\\\/\\\/justinboxler.fr\\\/de\\\/#organization\"},\"image\":{\"@id\":\"https:\\\/\\\/justinboxler.fr\\\/de\\\/unsere-partner\\\/#primaryimage\"},\"thumbnailUrl\":\"https:\\\/\\\/justinboxler.fr\\\/wp-content\\\/uploads\\\/2022\\\/05\\\/logo-vins-Justin-Boxler.png\",\"inLanguage\":\"de\"},{\"@type\":\"WebPage\",\"@id\":\"https:\\\/\\\/justinboxler.fr\\\/de\\\/unsere-partner\\\/\",\"url\":\"https:\\\/\\\/justinboxler.fr\\\/de\\\/unsere-partner\\\/\",\"name\":\"Unsere vertrauensw\u00fcrdigen Partner und Mitarbeiter\",\"isPartOf\":{\"@id\":\"https:\\\/\\\/justinboxler.fr\\\/de\\\/#website\"},\"primaryImageOfPage\":{\"@id\":\"https:\\\/\\\/justinboxler.fr\\\/de\\\/unsere-partner\\\/#primaryimage\"},\"image\":{\"@id\":\"https:\\\/\\\/justinboxler.fr\\\/de\\\/unsere-partner\\\/#primaryimage\"},\"thumbnailUrl\":\"https:\\\/\\\/justinboxler.fr\\\/wp-content\\\/uploads\\\/2022\\\/05\\\/logo-vins-Justin-Boxler.png\",\"datePublished\":\"2022-05-07T07:30:04+00:00\",\"dateModified\":\"2025-10-10T19:32:11+00:00\",\"description\":\"Unsere vertrauensw\u00fcrdigen Partner und Mitarbeiter. Hotel de l'Ange und Champagner-Anwesen La Rogerie, Familie Petit-Boxler Justine und Fran\u00e7ois.\",\"breadcrumb\":{\"@id\":\"https:\\\/\\\/justinboxler.fr\\\/de\\\/unsere-partner\\\/#breadcrumb\"},\"inLanguage\":\"de\",\"potentialAction\":[{\"@type\":\"ReadAction\",\"target\":[\"https:\\\/\\\/justinboxler.fr\\\/de\\\/unsere-partner\\\/\"]}]},{\"@type\":\"ImageObject\",\"inLanguage\":\"de\",\"@id\":\"https:\\\/\\\/justinboxler.fr\\\/de\\\/unsere-partner\\\/#primaryimage\",\"url\":\"https:\\\/\\\/justinboxler.fr\\\/wp-content\\\/uploads\\\/2022\\\/05\\\/logo-vins-Justin-Boxler.png\",\"contentUrl\":\"https:\\\/\\\/justinboxler.fr\\\/wp-content\\\/uploads\\\/2022\\\/05\\\/logo-vins-Justin-Boxler.png\"},{\"@type\":\"BreadcrumbList\",\"@id\":\"https:\\\/\\\/justinboxler.fr\\\/de\\\/unsere-partner\\\/#breadcrumb\",\"itemListElement\":[{\"@type\":\"ListItem\",\"position\":1,\"name\":\"Startseite\",\"item\":\"https:\\\/\\\/justinboxler.fr\\\/de\\\/justin-boxler-weine\\\/\"},{\"@type\":\"ListItem\",\"position\":2,\"name\":\"Unsere Partner\"}]},{\"@type\":\"WebSite\",\"@id\":\"https:\\\/\\\/justinboxler.fr\\\/de\\\/#website\",\"url\":\"https:\\\/\\\/justinboxler.fr\\\/de\\\/\",\"name\":\"domaine Justin BOXLER\",\"description\":\"Els\u00e4ssische Weine\",\"publisher\":{\"@id\":\"https:\\\/\\\/justinboxler.fr\\\/de\\\/#organization\"},\"alternateName\":\"Vins d'Alsace Boxler\",\"potentialAction\":[{\"@type\":\"SearchAction\",\"target\":{\"@type\":\"EntryPoint\",\"urlTemplate\":\"https:\\\/\\\/justinboxler.fr\\\/de\\\/?s={search_term_string}\"},\"query-input\":{\"@type\":\"PropertyValueSpecification\",\"valueRequired\":true,\"valueName\":\"search_term_string\"}}],\"inLanguage\":\"de\"},{\"@type\":\"Organization\",\"@id\":\"https:\\\/\\\/justinboxler.fr\\\/de\\\/#organization\",\"name\":\"Vins d'Alsace Justin BOXLER\",\"alternateName\":\"domaine Justin Boxler\",\"url\":\"https:\\\/\\\/justinboxler.fr\\\/de\\\/\",\"logo\":{\"@type\":\"ImageObject\",\"inLanguage\":\"de\",\"@id\":\"https:\\\/\\\/justinboxler.fr\\\/de\\\/#\\\/schema\\\/logo\\\/image\\\/\",\"url\":\"https:\\\/\\\/justinboxler.fr\\\/wp-content\\\/uploads\\\/2022\\\/04\\\/cropped-vins-justin-boxler-70x84-1.png\",\"contentUrl\":\"https:\\\/\\\/justinboxler.fr\\\/wp-content\\\/uploads\\\/2022\\\/04\\\/cropped-vins-justin-boxler-70x84-1.png\",\"width\":70,\"height\":84,\"caption\":\"Vins d'Alsace Justin BOXLER\"},\"image\":{\"@id\":\"https:\\\/\\\/justinboxler.fr\\\/de\\\/#\\\/schema\\\/logo\\\/image\\\/\"},\"sameAs\":[\"https:\\\/\\\/www.facebook.com\\\/vins.justin.boxler\\\/\",\"https:\\\/\\\/www.instagram.com\\\/domainejustinboxler\\\/\",\"https:\\\/\\\/www.tiktok.com\\\/domainejustinboxler?lang=fr\"]},{\"@type\":\"Person\",\"@id\":\"https:\\\/\\\/justinboxler.fr\\\/de\\\/#\\\/schema\\\/person\\\/75cb2db41e8faa6f0250fc4114fe715e\",\"name\":\"Admin\",\"image\":{\"@type\":\"ImageObject\",\"inLanguage\":\"de\",\"@id\":\"https:\\\/\\\/secure.gravatar.com\\\/avatar\\\/4e7497c72d535d3af09f083454484ca8fa7ece350cdc98a26f44e191a3085ec2?s=96&d=mm&r=g\",\"url\":\"https:\\\/\\\/secure.gravatar.com\\\/avatar\\\/4e7497c72d535d3af09f083454484ca8fa7ece350cdc98a26f44e191a3085ec2?s=96&d=mm&r=g\",\"contentUrl\":\"https:\\\/\\\/secure.gravatar.com\\\/avatar\\\/4e7497c72d535d3af09f083454484ca8fa7ece350cdc98a26f44e191a3085ec2?s=96&d=mm&r=g\",\"caption\":\"Admin\"},\"sameAs\":[\"https:\\\/\\\/justinboxler.fr\"]}]}<\/script>\n<!-- \/ Yoast SEO plugin. -->","yoast_head_json":{"title":"Unsere vertrauensw\u00fcrdigen Partner und Mitarbeiter","description":"Unsere vertrauensw\u00fcrdigen Partner und Mitarbeiter. Hotel de l'Ange und Champagner-Anwesen La Rogerie, Familie Petit-Boxler Justine und Fran\u00e7ois.","robots":{"index":"index","follow":"follow","max-snippet":"max-snippet:-1","max-image-preview":"max-image-preview:large","max-video-preview":"max-video-preview:-1"},"canonical":"https:\/\/justinboxler.fr\/de\/unsere-partner\/","og_locale":"de_DE","og_type":"article","og_title":"Unsere vertrauensw\u00fcrdigen Partner und Mitarbeiter","og_description":"Unsere vertrauensw\u00fcrdigen Partner und Mitarbeiter. Hotel de l'Ange und Champagner-Anwesen La Rogerie, Familie Petit-Boxler Justine und Fran\u00e7ois.","og_url":"https:\/\/justinboxler.fr\/de\/unsere-partner\/","og_site_name":"Dom\u00e4ne Justin BOXLER","article_publisher":"https:\/\/www.facebook.com\/vins.justin.boxler\/","article_modified_time":"2025-10-10T19:32:11+00:00","og_image":[{"width":264,"height":84,"url":"https:\/\/justinboxler.fr\/wp-content\/uploads\/2022\/05\/logo-vins-Justin-Boxler.png","type":"image\/png"}],"schema":{"@context":"https:\/\/schema.org","@graph":[{"@type":"Article","@id":"https:\/\/justinboxler.fr\/de\/unsere-partner\/#article","isPartOf":{"@id":"https:\/\/justinboxler.fr\/de\/unsere-partner\/"},"author":{"name":"Admin","@id":"https:\/\/justinboxler.fr\/de\/#\/schema\/person\/75cb2db41e8faa6f0250fc4114fe715e"},"headline":"Unsere Partner","datePublished":"2022-05-07T07:30:04+00:00","dateModified":"2025-10-10T19:32:11+00:00","mainEntityOfPage":{"@id":"https:\/\/justinboxler.fr\/de\/unsere-partner\/"},"wordCount":101,"publisher":{"@id":"https:\/\/justinboxler.fr\/de\/#organization"},"image":{"@id":"https:\/\/justinboxler.fr\/de\/unsere-partner\/#primaryimage"},"thumbnailUrl":"https:\/\/justinboxler.fr\/wp-content\/uploads\/2022\/05\/logo-vins-Justin-Boxler.png","inLanguage":"de"},{"@type":"WebPage","@id":"https:\/\/justinboxler.fr\/de\/unsere-partner\/","url":"https:\/\/justinboxler.fr\/de\/unsere-partner\/","name":"Unsere vertrauensw\u00fcrdigen Partner und Mitarbeiter","isPartOf":{"@id":"https:\/\/justinboxler.fr\/de\/#website"},"primaryImageOfPage":{"@id":"https:\/\/justinboxler.fr\/de\/unsere-partner\/#primaryimage"},"image":{"@id":"https:\/\/justinboxler.fr\/de\/unsere-partner\/#primaryimage"},"thumbnailUrl":"https:\/\/justinboxler.fr\/wp-content\/uploads\/2022\/05\/logo-vins-Justin-Boxler.png","datePublished":"2022-05-07T07:30:04+00:00","dateModified":"2025-10-10T19:32:11+00:00","description":"Unsere vertrauensw\u00fcrdigen Partner und Mitarbeiter. Hotel de l'Ange und Champagner-Anwesen La Rogerie, Familie Petit-Boxler Justine und Fran\u00e7ois.","breadcrumb":{"@id":"https:\/\/justinboxler.fr\/de\/unsere-partner\/#breadcrumb"},"inLanguage":"de","potentialAction":[{"@type":"ReadAction","target":["https:\/\/justinboxler.fr\/de\/unsere-partner\/"]}]},{"@type":"ImageObject","inLanguage":"de","@id":"https:\/\/justinboxler.fr\/de\/unsere-partner\/#primaryimage","url":"https:\/\/justinboxler.fr\/wp-content\/uploads\/2022\/05\/logo-vins-Justin-Boxler.png","contentUrl":"https:\/\/justinboxler.fr\/wp-content\/uploads\/2022\/05\/logo-vins-Justin-Boxler.png"},{"@type":"BreadcrumbList","@id":"https:\/\/justinboxler.fr\/de\/unsere-partner\/#breadcrumb","itemListElement":[{"@type":"ListItem","position":1,"name":"Startseite","item":"https:\/\/justinboxler.fr\/de\/justin-boxler-weine\/"},{"@type":"ListItem","position":2,"name":"Unsere Partner"}]},{"@type":"WebSite","@id":"https:\/\/justinboxler.fr\/de\/#website","url":"https:\/\/justinboxler.fr\/de\/","name":"domaine Justin BOXLER","description":"Els\u00e4ssische Weine","publisher":{"@id":"https:\/\/justinboxler.fr\/de\/#organization"},"alternateName":"Vins d'Alsace Boxler","potentialAction":[{"@type":"SearchAction","target":{"@type":"EntryPoint","urlTemplate":"https:\/\/justinboxler.fr\/de\/?s={search_term_string}"},"query-input":{"@type":"PropertyValueSpecification","valueRequired":true,"valueName":"search_term_string"}}],"inLanguage":"de"},{"@type":"Organization","@id":"https:\/\/justinboxler.fr\/de\/#organization","name":"Vins d'Alsace Justin BOXLER","alternateName":"domaine Justin Boxler","url":"https:\/\/justinboxler.fr\/de\/","logo":{"@type":"ImageObject","inLanguage":"de","@id":"https:\/\/justinboxler.fr\/de\/#\/schema\/logo\/image\/","url":"https:\/\/justinboxler.fr\/wp-content\/uploads\/2022\/04\/cropped-vins-justin-boxler-70x84-1.png","contentUrl":"https:\/\/justinboxler.fr\/wp-content\/uploads\/2022\/04\/cropped-vins-justin-boxler-70x84-1.png","width":70,"height":84,"caption":"Vins d'Alsace Justin BOXLER"},"image":{"@id":"https:\/\/justinboxler.fr\/de\/#\/schema\/logo\/image\/"},"sameAs":["https:\/\/www.facebook.com\/vins.justin.boxler\/","https:\/\/www.instagram.com\/domainejustinboxler\/","https:\/\/www.tiktok.com\/domainejustinboxler?lang=fr"]},{"@type":"Person","@id":"https:\/\/justinboxler.fr\/de\/#\/schema\/person\/75cb2db41e8faa6f0250fc4114fe715e","name":"Admin","image":{"@type":"ImageObject","inLanguage":"de","@id":"https:\/\/secure.gravatar.com\/avatar\/4e7497c72d535d3af09f083454484ca8fa7ece350cdc98a26f44e191a3085ec2?s=96&d=mm&r=g","url":"https:\/\/secure.gravatar.com\/avatar\/4e7497c72d535d3af09f083454484ca8fa7ece350cdc98a26f44e191a3085ec2?s=96&d=mm&r=g","contentUrl":"https:\/\/secure.gravatar.com\/avatar\/4e7497c72d535d3af09f083454484ca8fa7ece350cdc98a26f44e191a3085ec2?s=96&d=mm&r=g","caption":"Admin"},"sameAs":["https:\/\/justinboxler.fr"]}]}},"_links":{"self":[{"href":"https:\/\/justinboxler.fr\/de\/wp-json\/wp\/v2\/pages\/14076","targetHints":{"allow":["GET"]}}],"collection":[{"href":"https:\/\/justinboxler.fr\/de\/wp-json\/wp\/v2\/pages"}],"about":[{"href":"https:\/\/justinboxler.fr\/de\/wp-json\/wp\/v2\/types\/page"}],"author":[{"embeddable":true,"href":"https:\/\/justinboxler.fr\/de\/wp-json\/wp\/v2\/users\/1"}],"replies":[{"embeddable":true,"href":"https:\/\/justinboxler.fr\/de\/wp-json\/wp\/v2\/comments?post=14076"}],"version-history":[{"count":2,"href":"https:\/\/justinboxler.fr\/de\/wp-json\/wp\/v2\/pages\/14076\/revisions"}],"predecessor-version":[{"id":38481,"href":"https:\/\/justinboxler.fr\/de\/wp-json\/wp\/v2\/pages\/14076\/revisions\/38481"}],"wp:attachment":[{"href":"https:\/\/justinboxler.fr\/de\/wp-json\/wp\/v2\/media?parent=14076"}],"curies":[{"name":"wp","href":"https:\/\/api.w.org\/{rel}","templated":true}]}}